{"id":247,"date":"2017-01-10T08:28:50","date_gmt":"2017-01-10T07:28:50","guid":{"rendered":"http:\/\/werkzeug-klinik.de\/wordpress\/?page_id=247"},"modified":"2026-01-05T11:56:53","modified_gmt":"2026-01-05T10:56:53","slug":"nachschleifservice-beschichtung","status":"publish","type":"page","link":"https:\/\/werkzeug-klinik.de\/wordpress\/nachschleifservice-beschichtung\/","title":{"rendered":"Nachschleifservice &#038; Beschichtung"},"content":{"rendered":"<p>Neben der Neuherstellung liegt ein weiterer Schwerpunkt der WERKZEUG-Klinik beim Nachschleifen von VHM-DIN- und Sonderwerkzeugen, sowie selbstverst\u00e4ndlich auch zeichnungsgebundenen Form- und Stufenwerkzeugen.<\/p>\n<p>Ihre Werkzeuge werden \u00e4hnlich des Originalherstellers nachgeschliffen und qualitativ gleichwertig oder ggf. besser beschichtet.<\/p>\n<p>Um Ihren Produktionsfluss nicht zu beeintr\u00e4chtigen bieten wir Ihnen einen schnellen und zuverl\u00e4ssigen Hohl- und Bringservice. Ihre Schleifauftr\u00e4ge werden in regelm\u00e4\u00dfigen Abst\u00e4nden von uns abgeholt und in k\u00fcrzester Zeit wieder an Sie ausgeliefert.<\/p>\n<h6><strong>Hier finden Sie unsere Sch\u00e4rfpreise im PDF-Format:<\/strong><\/h6>\n<p><a href=\"http:\/\/werkzeug-klinik.de\/wordpress\/wp-content\/uploads\/2015\/06\/Fr\u00e4ser-3.jpg\"><img loading=\"lazy\" decoding=\"async\" class=\"wp-image-111 alignright\" src=\"http:\/\/werkzeug-klinik.de\/wordpress\/wp-content\/uploads\/2015\/06\/Fr\u00e4ser-3-291x300.jpg\" alt=\"\" width=\"209\" height=\"215\" srcset=\"https:\/\/werkzeug-klinik.de\/wordpress\/wp-content\/uploads\/2015\/06\/Fr\u00e4ser-3-291x300.jpg 291w, https:\/\/werkzeug-klinik.de\/wordpress\/wp-content\/uploads\/2015\/06\/Fr\u00e4ser-3-768x791.jpg 768w, https:\/\/werkzeug-klinik.de\/wordpress\/wp-content\/uploads\/2015\/06\/Fr\u00e4ser-3-994x1024.jpg 994w, https:\/\/werkzeug-klinik.de\/wordpress\/wp-content\/uploads\/2015\/06\/Fr\u00e4ser-3.jpg 1014w\" sizes=\"auto, (max-width: 209px) 100vw, 209px\" \/><\/a><a href=\"http:\/\/werkzeug-klinik.de\/wordpress\/wp-content\/uploads\/2026\/01\/Neue_Schaerfpreise_ab_011125_Vorlage.pdf\">Sch\u00e4rfpreise_Werkzeug_Klinik_Artikelliste_ab 01-2026<\/a><\/p>\n<h6><strong>Lieferanschrift:<\/strong><\/h6>\n<p><strong>WERKZEUG-Klinik G\u00fcnther Herz<\/strong><\/p>\n<p><strong>Neue Industriestra\u00dfe 4 &#8211; Halle 16 &#8211;<\/strong><\/p>\n<p><strong>66424 Homburg<\/strong><\/p>\n<p>Telefon: 06841 8090843<\/p>\n","protected":false},"excerpt":{"rendered":"<p>Neben der Neuherstellung liegt ein weiterer Schwerpunkt der WERKZEUG-Klinik beim Nachschleifen von VHM-DIN- und Sonderwerkzeugen, sowie selbstverst\u00e4ndlich auch zeichnungsgebundenen Form- und Stufenwerkzeugen. Ihre Werkzeuge werden \u00e4hnlich des Originalherstellers nachgeschliffen und qualitativ gleichwertig oder ggf. besser beschichtet. Um Ihren Produktionsfluss nicht&hellip; <\/p>\n","protected":false},"author":2,"featured_media":0,"parent":0,"menu_order":0,"comment_status":"closed","ping_status":"closed","template":"","meta":{"footnotes":""},"class_list":["post-247","page","type-page","status-publish","hentry"],"_links":{"self":[{"href":"https:\/\/werkzeug-klinik.de\/wordpress\/wp-json\/wp\/v2\/pages\/247","targetHints":{"allow":["GET"]}}],"collection":[{"href":"https:\/\/werkzeug-klinik.de\/wordpress\/wp-json\/wp\/v2\/pages"}],"about":[{"href":"https:\/\/werkzeug-klinik.de\/wordpress\/wp-json\/wp\/v2\/types\/page"}],"author":[{"embeddable":true,"href":"https:\/\/werkzeug-klinik.de\/wordpress\/wp-json\/wp\/v2\/users\/2"}],"replies":[{"embeddable":true,"href":"https:\/\/werkzeug-klinik.de\/wordpress\/wp-json\/wp\/v2\/comments?post=247"}],"version-history":[{"count":17,"href":"https:\/\/werkzeug-klinik.de\/wordpress\/wp-json\/wp\/v2\/pages\/247\/revisions"}],"predecessor-version":[{"id":395,"href":"https:\/\/werkzeug-klinik.de\/wordpress\/wp-json\/wp\/v2\/pages\/247\/revisions\/395"}],"wp:attachment":[{"href":"https:\/\/werkzeug-klinik.de\/wordpress\/wp-json\/wp\/v2\/media?parent=247"}],"curies":[{"name":"wp","href":"https:\/\/api.w.org\/{rel}","templated":true}]}}